{"id":252,"date":"2022-05-05T16:16:47","date_gmt":"2022-05-05T14:16:47","guid":{"rendered":"http:\/\/192.168.13.101\/wordpressmb\/?page_id=252"},"modified":"2022-05-05T16:16:47","modified_gmt":"2022-05-05T14:16:47","slug":"modellbahn-blog","status":"publish","type":"page","link":"https:\/\/maikelbahre.de\/?page_id=252","title":{"rendered":"Modellbahn &#8211; Blog"},"content":{"rendered":"<ul class=\"wp-block-latest-posts__list is-grid columns-2 has-dates wp-block-latest-posts\"><li><a class=\"wp-block-latest-posts__post-title\" href=\"https:\/\/maikelbahre.de\/?p=321\">Es ist fertig&#8230;<\/a><time datetime=\"2023-04-20T15:16:59+02:00\" class=\"wp-block-latest-posts__post-date\">20. April 2023<\/time><div class=\"wp-block-latest-posts__post-excerpt\">&#8230;naja so fast zumindest. Nach knapp 1,5 Jahren Bauzeit ist die Erweiterung der Modellbahn nun endlich, zu sagen wir mal 97% fertiggestellt. Alle Gleise liegen, das wohl nervigste Thema der Elektronik ist abgeschlossen und die Landschaft ist zu den gr\u00f6\u00dften Teilen gestaltet. Das was jetzt noch fehlt sind hier und da ein paar Figuren, Fahrzeuge,\u2026\u00a0<a class=\"wp-block-latest-posts__read-more\" href=\"https:\/\/maikelbahre.de\/?p=321\" rel=\"noopener noreferrer\"><span class=\"screen-reader-text\">Es ist fertig&#8230; <\/span>weiterlesen<\/a><\/div><\/li>\n<li><a class=\"wp-block-latest-posts__post-title\" href=\"https:\/\/maikelbahre.de\/?p=138\">Vergr\u00f6\u00dferung im Bau<\/a><time datetime=\"2021-12-22T18:40:39+02:00\" class=\"wp-block-latest-posts__post-date\">22. Dezember 2021<\/time><div class=\"wp-block-latest-posts__post-excerpt\">Nach einem Umzug im April diesen Jahres in eine neue Wohnung, hat auch die Modellbahn einen neuen Stellplatz in einem eigenen Raum bekommen. Da nun mehr Platz zur Verf\u00fcgung steht wurde auch die Vergr\u00f6\u00dferung schnell in Angriff genommen. Hier kann nun endlich vor allem der Wunsch nach einem gro\u00dfen Bahnbetriebswerk mit Drehscheibe, mehr\/l\u00e4ngere Abstellgeleise sowie\u2026\u00a0<a class=\"wp-block-latest-posts__read-more\" href=\"https:\/\/maikelbahre.de\/?p=138\" rel=\"noopener noreferrer\"><span class=\"screen-reader-text\">Vergr\u00f6\u00dferung im Bau <\/span>weiterlesen<\/a><\/div><\/li>\n<li><a class=\"wp-block-latest-posts__post-title\" href=\"https:\/\/maikelbahre.de\/?p=126\">Ein weiterer Meilenstein ist geschafft!<\/a><time datetime=\"2020-04-24T00:00:00+02:00\" class=\"wp-block-latest-posts__post-date\">24. April 2020<\/time><div class=\"wp-block-latest-posts__post-excerpt\">Wir schreiben den 24.April 2020 00:50 Uhr. Vor wenigen Minuten wurde das Anl\u00f6ten der neuen Stecker abgeschlossen.Dies hat ca. 27 Stunden in Anspruch genommen und wurde nur innerhalb von zwei Tagen geschafft da Pausen auf ein Minimum reduziert wurden (5 Stunden schlaf^^). Der erste Test aller leuchtenden Elemente war erfolgreich, auch wenn anscheinend ein paar\u2026\u00a0<a class=\"wp-block-latest-posts__read-more\" href=\"https:\/\/maikelbahre.de\/?p=126\" rel=\"noopener noreferrer\"><span class=\"screen-reader-text\">Ein weiterer Meilenstein ist geschafft! <\/span>weiterlesen<\/a><\/div><\/li>\n<li><a class=\"wp-block-latest-posts__post-title\" href=\"https:\/\/maikelbahre.de\/?p=114\">Zur\u00fcck in der Heimat<\/a><time datetime=\"2020-04-22T21:00:00+02:00\" class=\"wp-block-latest-posts__post-date\">22. April 2020<\/time><div class=\"wp-block-latest-posts__post-excerpt\">Heute hat das Stellpult seinen Weg aus der Werkstatt in die zuk\u00fcnftige Heimat zur\u00fcckgelegt.Dort beginnt jetzt die Arbeit auf dem &#8222;Pr\u00fcfstand&#8220; und wenn alle Implementierten Funktionen auch das machen was sie sollen geht es an den Umbau der Schnittstelle an der Modellbahn damit auch der richtige Einsatz beginnen kann.<\/div><\/li>\n<li><a class=\"wp-block-latest-posts__post-title\" href=\"https:\/\/maikelbahre.de\/?p=120\">Erste Stellprobe<\/a><time datetime=\"2020-04-22T09:00:00+02:00\" class=\"wp-block-latest-posts__post-date\">22. April 2020<\/time><div class=\"wp-block-latest-posts__post-excerpt\">Heute hat das Stellpult seine erste Stellprobe gemacht.Vorher musste das alte &#8222;Stellpult&#8220; abgebaut werden sowie die Unterkonstruktion etwas abge\u00e4ndert werden. Die Holzplatte die den Blick durch das alte Stellpult versch\u00f6nern sollte musste weichen um die Stecker des neuen besser erreichen zu k\u00f6nnen.Aus Resten wurde eine kleine Ecke f\u00fcr die Digitalzentrale der Modellbahn gebaut. Auch die\u2026\u00a0<a class=\"wp-block-latest-posts__read-more\" href=\"https:\/\/maikelbahre.de\/?p=120\" rel=\"noopener noreferrer\"><span class=\"screen-reader-text\">Erste Stellprobe <\/span>weiterlesen<\/a><\/div><\/li>\n<\/ul>","protected":false},"excerpt":{"rendered":"","protected":false},"author":1,"featured_media":0,"parent":0,"menu_order":0,"comment_status":"closed","ping_status":"closed","template":"","meta":{"footnotes":""},"class_list":["post-252","page","type-page","status-publish","hentry"],"_links":{"self":[{"href":"https:\/\/maikelbahre.de\/index.php?rest_route=\/wp\/v2\/pages\/252","targetHints":{"allow":["GET"]}}],"collection":[{"href":"https:\/\/maikelbahre.de\/index.php?rest_route=\/wp\/v2\/pages"}],"about":[{"href":"https:\/\/maikelbahre.de\/index.php?rest_route=\/wp\/v2\/types\/page"}],"author":[{"embeddable":true,"href":"https:\/\/maikelbahre.de\/index.php?rest_route=\/wp\/v2\/users\/1"}],"replies":[{"embeddable":true,"href":"https:\/\/maikelbahre.de\/index.php?rest_route=%2Fwp%2Fv2%2Fcomments&post=252"}],"version-history":[{"count":1,"href":"https:\/\/maikelbahre.de\/index.php?rest_route=\/wp\/v2\/pages\/252\/revisions"}],"predecessor-version":[{"id":253,"href":"https:\/\/maikelbahre.de\/index.php?rest_route=\/wp\/v2\/pages\/252\/revisions\/253"}],"wp:attachment":[{"href":"https:\/\/maikelbahre.de\/index.php?rest_route=%2Fwp%2Fv2%2Fmedia&parent=252"}],"curies":[{"name":"wp","href":"https:\/\/api.w.org\/{rel}","templated":true}]}}